{"id":60,"date":"2023-05-01T16:09:01","date_gmt":"2023-05-01T16:09:01","guid":{"rendered":"https:\/\/www.flaschensegler.de\/?page_id=60"},"modified":"2023-05-01T16:26:41","modified_gmt":"2023-05-01T16:26:41","slug":"das-buch","status":"publish","type":"page","link":"https:\/\/www.flaschensegler.de\/","title":{"rendered":"Das Buch"},"content":{"rendered":"\n<p>Der neue Roman von Dr. Alexandra Loock-Nester ist f\u00fcr das Jahr 2023 angek\u00fcndigt. Er begleitet eine Frau zu der Liebe ihres Lebens und in den ern\u00fcchternden Kampf, sich diese nicht von der Drogensucht des Mannes an ihrer Seite zerst\u00f6ren zu lassen.<\/p>\n\n\n\n<p>   Spannende Unterhaltung, gepaart mit Fachwissen \u00fcber die Ursachen und Auswirkungen der Alkohol- und anderweitige Drogensucht f\u00fcr den betroffenen Partner. Warum der Begriff der &#8222;Co-Abh\u00e4ngigkeit&#8220; so leicht in die Irre f\u00fchrt, und welche Schwierigkeiten oder gar Unm\u00f6glichkeiten den Partner erwarten, der doch nur Eines will: Dem D\u00e4mon die Macht entrei\u00dfen\u2026<\/p>\n","protected":false},"excerpt":{"rendered":"<p>Der neue Roman von Dr. Alexandra Loock-Nester ist f\u00fcr das Jahr 2023 angek\u00fcndigt. Er begleitet eine Frau zu der Liebe ihres Lebens und in den ern\u00fcchternden Kampf, sich diese nicht von der Drogensucht des Mannes an ihrer Seite zerst\u00f6ren zu lassen. Spannende Unterhaltung, gepaart mit Fachwissen \u00fcber die Ursachen und Auswirkungen der Alkohol- und anderweitige<a class=\"more-link\" href=\"https:\/\/www.flaschensegler.de\/\">Continue reading <span class=\"screen-reader-text\">&#8222;Das Buch&#8220;<\/span><\/a><\/p>\n","protected":false},"author":1,"featured_media":0,"parent":0,"menu_order":1,"comment_status":"closed","ping_status":"closed","template":"","meta":[],"_links":{"self":[{"href":"https:\/\/www.flaschensegler.de\/index.php\/wp-json\/wp\/v2\/pages\/60"}],"collection":[{"href":"https:\/\/www.flaschensegler.de\/index.php\/wp-json\/wp\/v2\/pages"}],"about":[{"href":"https:\/\/www.flaschensegler.de\/index.php\/wp-json\/wp\/v2\/types\/page"}],"author":[{"embeddable":true,"href":"https:\/\/www.flaschensegler.de\/index.php\/wp-json\/wp\/v2\/users\/1"}],"replies":[{"embeddable":true,"href":"https:\/\/www.flaschensegler.de\/index.php\/wp-json\/wp\/v2\/comments?post=60"}],"version-history":[{"count":3,"href":"https:\/\/www.flaschensegler.de\/index.php\/wp-json\/wp\/v2\/pages\/60\/revisions"}],"predecessor-version":[{"id":67,"href":"https:\/\/www.flaschensegler.de\/index.php\/wp-json\/wp\/v2\/pages\/60\/revisions\/67"}],"wp:attachment":[{"href":"https:\/\/www.flaschensegler.de\/index.php\/wp-json\/wp\/v2\/media?parent=60"}],"curies":[{"name":"wp","href":"https:\/\/api.w.org\/{rel}","templated":true}]}}